{"id":5966,"date":"2024-03-22T13:35:08","date_gmt":"2024-03-22T13:35:08","guid":{"rendered":"https:\/\/canmarti.com\/contact\/"},"modified":"2026-03-31T14:18:54","modified_gmt":"2026-03-31T14:18:54","slug":"contact","status":"publish","type":"page","link":"https:\/\/canmarti.com\/fr\/contact\/","title":{"rendered":"Contact"},"content":{"rendered":"\t\t<div data-elementor-type=\"wp-page\" data-elementor-id=\"5966\" class=\"elementor elementor-5966 elementor-32\" data-elementor-post-type=\"page\">\n\t\t\t\t\t\t<section class=\"elementor-section elementor-top-section elementor-element elementor-element-4d42046e elementor-section-boxed elementor-section-height-default elementor-section-height-default\" data-id=\"4d42046e\" data-element_type=\"section\" data-e-type=\"section\">\n\t\t\t\t\t\t<div class=\"elementor-container elementor-column-gap-wider\">\n\t\t\t\t\t<div class=\"elementor-column elementor-col-50 elementor-top-column elementor-element elementor-element-7a48e1fd\" data-id=\"7a48e1fd\" data-element_type=\"column\" data-e-type=\"column\">\n\t\t\t<div class=\"elementor-widget-wrap elementor-element-populated\">\n\t\t\t\t\t\t<div class=\"elementor-element elementor-element-35d47210 elementor-invisible elementor-widget elementor-widget-image\" data-id=\"35d47210\" data-element_type=\"widget\" data-e-type=\"widget\" data-settings=\"{&quot;_animation&quot;:&quot;fadeIn&quot;}\" data-widget_type=\"image.default\">\n\t\t\t\t<div class=\"elementor-widget-container\">\n\t\t\t\t\t\t\t\t\t\t\t\t\t\t\t<img fetchpriority=\"high\" decoding=\"async\" width=\"1000\" height=\"1105\" src=\"https:\/\/canmarti.com\/wp-content\/uploads\/2020\/07\/ContactUs-Finca-CanMarti-EcoHotel-Ibiza.jpg\" class=\"attachment-full size-full wp-image-1919\" alt=\"\" srcset=\"https:\/\/canmarti.com\/wp-content\/uploads\/2020\/07\/ContactUs-Finca-CanMarti-EcoHotel-Ibiza.jpg 1000w, https:\/\/canmarti.com\/wp-content\/uploads\/2020\/07\/ContactUs-Finca-CanMarti-EcoHotel-Ibiza-271x300.jpg 271w, https:\/\/canmarti.com\/wp-content\/uploads\/2020\/07\/ContactUs-Finca-CanMarti-EcoHotel-Ibiza-927x1024.jpg 927w, https:\/\/canmarti.com\/wp-content\/uploads\/2020\/07\/ContactUs-Finca-CanMarti-EcoHotel-Ibiza-768x849.jpg 768w, https:\/\/canmarti.com\/wp-content\/uploads\/2020\/07\/ContactUs-Finca-CanMarti-EcoHotel-Ibiza-22x24.jpg 22w, https:\/\/canmarti.com\/wp-content\/uploads\/2020\/07\/ContactUs-Finca-CanMarti-EcoHotel-Ibiza-33x36.jpg 33w, https:\/\/canmarti.com\/wp-content\/uploads\/2020\/07\/ContactUs-Finca-CanMarti-EcoHotel-Ibiza-43x48.jpg 43w\" sizes=\"(max-width: 1000px) 100vw, 1000px\" \/>\t\t\t\t\t\t\t\t\t\t\t\t\t\t\t<\/div>\n\t\t\t\t<\/div>\n\t\t\t\t\t<\/div>\n\t\t<\/div>\n\t\t\t\t<div class=\"elementor-column elementor-col-50 elementor-top-column elementor-element elementor-element-641c8dd8\" data-id=\"641c8dd8\" data-element_type=\"column\" data-e-type=\"column\">\n\t\t\t<div class=\"elementor-widget-wrap elementor-element-populated\">\n\t\t\t\t\t\t<div class=\"elementor-element elementor-element-6083432a featured-contact elementor-invisible elementor-widget elementor-widget-text-editor\" data-id=\"6083432a\" data-element_type=\"widget\" data-e-type=\"widget\" data-settings=\"{&quot;_animation&quot;:&quot;fadeIn&quot;}\" data-widget_type=\"text-editor.default\">\n\t\t\t\t<div class=\"elementor-widget-container\">\n\t\t\t\t\t\t\t\t\t<div style=\"text-align: left;\">\n\nLaissez-vous s\u00e9duire par le tourisme rural, eco-responsable \u00e0 moins de 35 minutes de l\u2019a\u00e9roport d\u2019Ibiza ! C\u2019est avec un grand plaisir que nous vous accueillerons dans notre oasis paisible et naturel pour un tourisme vert et requinquant.\n\n<\/div>\t\t\t\t\t\t\t\t<\/div>\n\t\t\t\t<\/div>\n\t\t\t\t<div class=\"elementor-element elementor-element-e348709 elementor-widget elementor-widget-spacer\" data-id=\"e348709\" data-element_type=\"widget\" data-e-type=\"widget\" data-widget_type=\"spacer.default\">\n\t\t\t\t<div class=\"elementor-widget-container\">\n\t\t\t\t\t\t\t<div class=\"elementor-spacer\">\n\t\t\t<div class=\"elementor-spacer-inner\"><\/div>\n\t\t<\/div>\n\t\t\t\t\t\t<\/div>\n\t\t\t\t<\/div>\n\t\t\t\t<div class=\"elementor-element elementor-element-ff1e594 sub-heading elementor-invisible elementor-widget elementor-widget-heading\" data-id=\"ff1e594\" data-element_type=\"widget\" data-e-type=\"widget\" data-settings=\"{&quot;_animation&quot;:&quot;fadeInUp&quot;}\" data-widget_type=\"heading.default\">\n\t\t\t\t<div class=\"elementor-widget-container\">\n\t\t\t\t\t<h2 class=\"elementor-heading-title elementor-size-default\">ADRESSE<\/h2>\t\t\t\t<\/div>\n\t\t\t\t<\/div>\n\t\t\t\t<div class=\"elementor-element elementor-element-b23ff39 big-text elementor-invisible elementor-widget elementor-widget-text-editor\" data-id=\"b23ff39\" data-element_type=\"widget\" data-e-type=\"widget\" data-settings=\"{&quot;_animation&quot;:&quot;fadeIn&quot;}\" data-widget_type=\"text-editor.default\">\n\t\t\t\t<div class=\"elementor-widget-container\">\n\t\t\t\t\t\t\t\t\tVenda de Ca&rsquo;s Ripolls 29<br>\n07810 Sant Joan de Labritja<br>\nIbiza &#8211; Baleares<br>\t\t\t\t\t\t\t\t<\/div>\n\t\t\t\t<\/div>\n\t\t\t\t<div class=\"elementor-element elementor-element-1124915 big-text elementor-invisible elementor-widget elementor-widget-text-editor\" data-id=\"1124915\" data-element_type=\"widget\" data-e-type=\"widget\" data-settings=\"{&quot;_animation&quot;:&quot;fadeIn&quot;}\" data-widget_type=\"text-editor.default\">\n\t\t\t\t<div class=\"elementor-widget-container\">\n\t\t\t\t\t\t\t\t\t<p><a href=\"https:\/\/www.google.com\/maps\/place\/Finca+Can+Mart%C3%AD\/@39.0716641,1.5136313,17z\/data=!3m1!4b1!4m5!3m4!1s0x12993dc0c5c69f1f:0xd42b561e01c65d45!8m2!3d39.07166!4d1.51582\" target=\"_blank\" rel=\"noopener\"><span style=\"text-decoration: underline; font-size:15px;\">Lien vers Google Maps<\/span><\/a><\/p>\n\t\t\t\t\t\t\t\t<\/div>\n\t\t\t\t<\/div>\n\t\t\t\t<div class=\"elementor-element elementor-element-f8c8461 elementor-widget elementor-widget-spacer\" data-id=\"f8c8461\" data-element_type=\"widget\" data-e-type=\"widget\" data-widget_type=\"spacer.default\">\n\t\t\t\t<div class=\"elementor-widget-container\">\n\t\t\t\t\t\t\t<div class=\"elementor-spacer\">\n\t\t\t<div class=\"elementor-spacer-inner\"><\/div>\n\t\t<\/div>\n\t\t\t\t\t\t<\/div>\n\t\t\t\t<\/div>\n\t\t\t\t<section class=\"elementor-section elementor-inner-section elementor-element elementor-element-51e71f4 contact-first elementor-section-boxed elementor-section-height-default elementor-section-height-default\" data-id=\"51e71f4\" data-element_type=\"section\" data-e-type=\"section\">\n\t\t\t\t\t\t<div class=\"elementor-container elementor-column-gap-no\">\n\t\t\t\t\t<div class=\"elementor-column elementor-col-100 elementor-inner-column elementor-element elementor-element-d4ab889\" data-id=\"d4ab889\" data-element_type=\"column\" data-e-type=\"column\">\n\t\t\t<div class=\"elementor-widget-wrap elementor-element-populated\">\n\t\t\t\t\t\t<div class=\"elementor-element elementor-element-34e8458 sub-heading elementor-invisible elementor-widget elementor-widget-heading\" data-id=\"34e8458\" data-element_type=\"widget\" data-e-type=\"widget\" data-settings=\"{&quot;_animation&quot;:&quot;fadeInUp&quot;}\" data-widget_type=\"heading.default\">\n\t\t\t\t<div class=\"elementor-widget-container\">\n\t\t\t\t\t<h2 class=\"elementor-heading-title elementor-size-default\">R\u00c9SERVATIONS<\/h2>\t\t\t\t<\/div>\n\t\t\t\t<\/div>\n\t\t\t\t<div class=\"elementor-element elementor-element-bc49dfc big-text elementor-invisible elementor-widget elementor-widget-text-editor\" data-id=\"bc49dfc\" data-element_type=\"widget\" data-e-type=\"widget\" data-settings=\"{&quot;_animation&quot;:&quot;fadeIn&quot;}\" data-widget_type=\"text-editor.default\">\n\t\t\t\t<div class=\"elementor-widget-container\">\n\t\t\t\t\t\t\t\t\t<p><a href=\"mailto:finca@canmarti.com?subject=Contactpage\">finca@canmarti.com<\/a><br \/>(+34) 971 333 500<\/p>\t\t\t\t\t\t\t\t<\/div>\n\t\t\t\t<\/div>\n\t\t\t\t<div class=\"elementor-element elementor-element-4585b9f sub-heading elementor-invisible elementor-widget elementor-widget-heading\" data-id=\"4585b9f\" data-element_type=\"widget\" data-e-type=\"widget\" data-settings=\"{&quot;_animation&quot;:&quot;fadeInUp&quot;}\" data-widget_type=\"heading.default\">\n\t\t\t\t<div class=\"elementor-widget-container\">\n\t\t\t\t\t<h2 class=\"elementor-heading-title elementor-size-default\">DISTANCES<\/h2>\t\t\t\t<\/div>\n\t\t\t\t<\/div>\n\t\t\t\t<div class=\"elementor-element elementor-element-40407a1 big-text elementor-invisible elementor-widget elementor-widget-text-editor\" data-id=\"40407a1\" data-element_type=\"widget\" data-e-type=\"widget\" data-settings=\"{&quot;_animation&quot;:&quot;fadeIn&quot;}\" data-widget_type=\"text-editor.default\">\n\t\t\t\t<div class=\"elementor-widget-container\">\n\t\t\t\t\t\t\t\t\t<p>Distance de la ville d\u2019Ibiza 30 minutes<br \/>Depuis l\u2019a\u00e9roport, 35 minutes<br \/>Depuis le village de Sant Joan \u00e0 5 minutes<br \/>Plage la plus proche \u00e0 10 minutes<\/p>\t\t\t\t\t\t\t\t<\/div>\n\t\t\t\t<\/div>\n\t\t\t\t\t<\/div>\n\t\t<\/div>\n\t\t\t\t\t<\/div>\n\t\t<\/section>\n\t\t\t\t<div class=\"elementor-element elementor-element-d224f8b elementor-widget elementor-widget-spacer\" data-id=\"d224f8b\" data-element_type=\"widget\" data-e-type=\"widget\" data-widget_type=\"spacer.default\">\n\t\t\t\t<div class=\"elementor-widget-container\">\n\t\t\t\t\t\t\t<div class=\"elementor-spacer\">\n\t\t\t<div class=\"elementor-spacer-inner\"><\/div>\n\t\t<\/div>\n\t\t\t\t\t\t<\/div>\n\t\t\t\t<\/div>\n\t\t\t\t<div class=\"elementor-element elementor-element-9782316 elementor-widget elementor-widget-spacer\" data-id=\"9782316\" data-element_type=\"widget\" data-e-type=\"widget\" data-widget_type=\"spacer.default\">\n\t\t\t\t<div class=\"elementor-widget-container\">\n\t\t\t\t\t\t\t<div class=\"elementor-spacer\">\n\t\t\t<div class=\"elementor-spacer-inner\"><\/div>\n\t\t<\/div>\n\t\t\t\t\t\t<\/div>\n\t\t\t\t<\/div>\n\t\t\t\t\t<\/div>\n\t\t<\/div>\n\t\t\t\t\t<\/div>\n\t\t<\/section>\n\t\t\t\t<section class=\"elementor-section elementor-top-section elementor-element elementor-element-b2e7b83 contact-last elementor-section-boxed elementor-section-height-default elementor-section-height-default\" data-id=\"b2e7b83\" data-element_type=\"section\" data-e-type=\"section\">\n\t\t\t\t\t\t<div class=\"elementor-container elementor-column-gap-wider\">\n\t\t\t\t\t<div class=\"elementor-column elementor-col-100 elementor-top-column elementor-element elementor-element-9b1db27\" data-id=\"9b1db27\" data-element_type=\"column\" data-e-type=\"column\">\n\t\t\t<div class=\"elementor-widget-wrap elementor-element-populated\">\n\t\t\t\t\t\t<div class=\"elementor-element elementor-element-c9a5e2d sub-heading elementor-invisible elementor-widget elementor-widget-heading\" data-id=\"c9a5e2d\" data-element_type=\"widget\" data-e-type=\"widget\" data-settings=\"{&quot;_animation&quot;:&quot;fadeInUp&quot;}\" data-widget_type=\"heading.default\">\n\t\t\t\t<div class=\"elementor-widget-container\">\n\t\t\t\t\t<h2 class=\"elementor-heading-title elementor-size-default\">R\u00c9SERVATIONS<\/h2>\t\t\t\t<\/div>\n\t\t\t\t<\/div>\n\t\t\t\t<div class=\"elementor-element elementor-element-aba16a4 big-text elementor-invisible elementor-widget elementor-widget-text-editor\" data-id=\"aba16a4\" data-element_type=\"widget\" data-e-type=\"widget\" data-settings=\"{&quot;_animation&quot;:&quot;fadeIn&quot;}\" data-widget_type=\"text-editor.default\">\n\t\t\t\t<div class=\"elementor-widget-container\">\n\t\t\t\t\t\t\t\t\t<p><a href=\"mailto:canmarti@canmarti.com\">canmarti@canmarti.com<\/a><br \/>(+34) 971 333 500<\/p>\n\t\t\t\t\t\t\t\t<\/div>\n\t\t\t\t<\/div>\n\t\t\t\t<div class=\"elementor-element elementor-element-5384f1c sub-heading elementor-invisible elementor-widget elementor-widget-heading\" data-id=\"5384f1c\" data-element_type=\"widget\" data-e-type=\"widget\" data-settings=\"{&quot;_animation&quot;:&quot;fadeInUp&quot;}\" data-widget_type=\"heading.default\">\n\t\t\t\t<div class=\"elementor-widget-container\">\n\t\t\t\t\t<h2 class=\"elementor-heading-title elementor-size-default\">DISTANCES<\/h2>\t\t\t\t<\/div>\n\t\t\t\t<\/div>\n\t\t\t\t<div class=\"elementor-element elementor-element-cb8f417 big-text elementor-invisible elementor-widget elementor-widget-text-editor\" data-id=\"cb8f417\" data-element_type=\"widget\" data-e-type=\"widget\" data-settings=\"{&quot;_animation&quot;:&quot;fadeIn&quot;}\" data-widget_type=\"text-editor.default\">\n\t\t\t\t<div class=\"elementor-widget-container\">\n\t\t\t\t\t\t\t\t\tDistance de la ville d&rsquo;Ibiza 30 minutes<br>\nDepuis l&rsquo;a\u00e9roport, 35 minutes<br>\nDepuis le village de Sant Joan \u00e0 5 minutes<br>\nPlage la plus proche \u00e0 10 minutes\t\t\t\t\t\t\t\t<\/div>\n\t\t\t\t<\/div>\n\t\t\t\t<div class=\"elementor-element elementor-element-493350d elementor-widget elementor-widget-spacer\" data-id=\"493350d\" data-element_type=\"widget\" data-e-type=\"widget\" data-widget_type=\"spacer.default\">\n\t\t\t\t<div class=\"elementor-widget-container\">\n\t\t\t\t\t\t\t<div class=\"elementor-spacer\">\n\t\t\t<div class=\"elementor-spacer-inner\"><\/div>\n\t\t<\/div>\n\t\t\t\t\t\t<\/div>\n\t\t\t\t<\/div>\n\t\t\t\t<div class=\"elementor-element elementor-element-93d0934 elementor-widget elementor-widget-spacer\" data-id=\"93d0934\" data-element_type=\"widget\" data-e-type=\"widget\" data-widget_type=\"spacer.default\">\n\t\t\t\t<div class=\"elementor-widget-container\">\n\t\t\t\t\t\t\t<div class=\"elementor-spacer\">\n\t\t\t<div class=\"elementor-spacer-inner\"><\/div>\n\t\t<\/div>\n\t\t\t\t\t\t<\/div>\n\t\t\t\t<\/div>\n\t\t\t\t\t<\/div>\n\t\t<\/div>\n\t\t\t\t\t<\/div>\n\t\t<\/section>\n\t\t\t\t<section class=\"elementor-section elementor-top-section elementor-element elementor-element-556475dc elementor-section-stretched img-cover elementor-section-boxed elementor-section-height-default elementor-section-height-default\" data-id=\"556475dc\" data-element_type=\"section\" data-e-type=\"section\" data-settings=\"{&quot;stretch_section&quot;:&quot;section-stretched&quot;}\">\n\t\t\t\t\t\t<div class=\"elementor-container elementor-column-gap-default\">\n\t\t\t\t\t<div class=\"elementor-column elementor-col-100 elementor-top-column elementor-element elementor-element-28f8836\" data-id=\"28f8836\" data-element_type=\"column\" data-e-type=\"column\">\n\t\t\t<div class=\"elementor-widget-wrap elementor-element-populated\">\n\t\t\t\t\t\t<div class=\"elementor-element elementor-element-c44d24d elementor-invisible elementor-widget elementor-widget-heading\" data-id=\"c44d24d\" data-element_type=\"widget\" data-e-type=\"widget\" data-settings=\"{&quot;_animation&quot;:&quot;fadeInUp&quot;}\" data-widget_type=\"heading.default\">\n\t\t\t\t<div class=\"elementor-widget-container\">\n\t\t\t\t\t<h2 class=\"elementor-heading-title elementor-size-large\">COMMENT NOUS TROUVER<\/h2>\t\t\t\t<\/div>\n\t\t\t\t<\/div>\n\t\t\t\t<div class=\"elementor-element elementor-element-633ade7 elementor-widget elementor-widget-spacer\" data-id=\"633ade7\" data-element_type=\"widget\" data-e-type=\"widget\" data-widget_type=\"spacer.default\">\n\t\t\t\t<div class=\"elementor-widget-container\">\n\t\t\t\t\t\t\t<div class=\"elementor-spacer\">\n\t\t\t<div class=\"elementor-spacer-inner\"><\/div>\n\t\t<\/div>\n\t\t\t\t\t\t<\/div>\n\t\t\t\t<\/div>\n\t\t\t\t\t<\/div>\n\t\t<\/div>\n\t\t\t\t\t<\/div>\n\t\t<\/section>\n\t\t\t\t<section class=\"elementor-section elementor-top-section elementor-element elementor-element-0961649 elementor-section-boxed elementor-section-height-default elementor-section-height-default\" data-id=\"0961649\" data-element_type=\"section\" data-e-type=\"section\">\n\t\t\t\t\t\t<div class=\"elementor-container elementor-column-gap-wider\">\n\t\t\t\t\t<div class=\"elementor-column elementor-col-50 elementor-top-column elementor-element elementor-element-9c06667\" data-id=\"9c06667\" data-element_type=\"column\" data-e-type=\"column\">\n\t\t\t<div class=\"elementor-widget-wrap elementor-element-populated\">\n\t\t\t\t\t\t<div class=\"elementor-element elementor-element-c03a25f big-text elementor-invisible elementor-widget elementor-widget-text-editor\" data-id=\"c03a25f\" data-element_type=\"widget\" data-e-type=\"widget\" data-settings=\"{&quot;_animation&quot;:&quot;fadeInUp&quot;}\" data-widget_type=\"text-editor.default\">\n\t\t\t\t<div class=\"elementor-widget-container\">\n\t\t\t\t\t\t\t\t\t<div style=\"text-align: left;\"><p>De l\u2019a\u00e9roport, prenez la direction de la ville d\u2019Ibiza. Continuez ensuite en direction de Santa Eul\u00e0ria et Sant Joan\/Portinatx. Apr\u00e8s environ six kilom\u00e8tres, continuez \u00e0 gauche en direction de Sant Joan.<\/p><\/div>\t\t\t\t\t\t\t\t<\/div>\n\t\t\t\t<\/div>\n\t\t\t\t\t<\/div>\n\t\t<\/div>\n\t\t\t\t<div class=\"elementor-column elementor-col-50 elementor-top-column elementor-element elementor-element-1d82693\" data-id=\"1d82693\" data-element_type=\"column\" data-e-type=\"column\">\n\t\t\t<div class=\"elementor-widget-wrap elementor-element-populated\">\n\t\t\t\t\t\t<div class=\"elementor-element elementor-element-0f9665c big-text elementor-invisible elementor-widget elementor-widget-text-editor\" data-id=\"0f9665c\" data-element_type=\"widget\" data-e-type=\"widget\" data-settings=\"{&quot;_animation&quot;:&quot;fadeInUp&quot;}\" data-widget_type=\"text-editor.default\">\n\t\t\t\t<div class=\"elementor-widget-container\">\n\t\t\t\t\t\t\t\t\t<div style=\"text-align: left;\"><p>Juste avant d\u2019arriver au village de Sant Joan \u2013 50 m\u00e8tres apr\u00e8s le rond-point pour aller \u00e0 Portinatx (km21) &#8211;\u00a0 tournez \u00e0 droite sur un \u201ccamino\u201d au milieu de la courbe indiqu\u00e9 par le panneau Can Marti. Suivez le chemin en terre battue pendant environ un kilom\u00e8tre et vous arriverez \u00e0 la porte d\u2019entr\u00e9e de la Finca Can Marti.<\/p><\/div>\t\t\t\t\t\t\t\t<\/div>\n\t\t\t\t<\/div>\n\t\t\t\t<div class=\"elementor-element elementor-element-bbf1c36 elementor-widget elementor-widget-spacer\" data-id=\"bbf1c36\" data-element_type=\"widget\" data-e-type=\"widget\" data-widget_type=\"spacer.default\">\n\t\t\t\t<div class=\"elementor-widget-container\">\n\t\t\t\t\t\t\t<div class=\"elementor-spacer\">\n\t\t\t<div class=\"elementor-spacer-inner\"><\/div>\n\t\t<\/div>\n\t\t\t\t\t\t<\/div>\n\t\t\t\t<\/div>\n\t\t\t\t<div class=\"elementor-element elementor-element-408f75c elementor-widget elementor-widget-spacer\" data-id=\"408f75c\" data-element_type=\"widget\" data-e-type=\"widget\" data-widget_type=\"spacer.default\">\n\t\t\t\t<div class=\"elementor-widget-container\">\n\t\t\t\t\t\t\t<div class=\"elementor-spacer\">\n\t\t\t<div class=\"elementor-spacer-inner\"><\/div>\n\t\t<\/div>\n\t\t\t\t\t\t<\/div>\n\t\t\t\t<\/div>\n\t\t\t\t<div class=\"elementor-element elementor-element-b54259d elementor-widget elementor-widget-spacer\" data-id=\"b54259d\" data-element_type=\"widget\" data-e-type=\"widget\" data-widget_type=\"spacer.default\">\n\t\t\t\t<div class=\"elementor-widget-container\">\n\t\t\t\t\t\t\t<div class=\"elementor-spacer\">\n\t\t\t<div class=\"elementor-spacer-inner\"><\/div>\n\t\t<\/div>\n\t\t\t\t\t\t<\/div>\n\t\t\t\t<\/div>\n\t\t\t\t\t<\/div>\n\t\t<\/div>\n\t\t\t\t\t<\/div>\n\t\t<\/section>\n\t\t\t\t<section class=\"elementor-section elementor-top-section elementor-element elementor-element-78996f8 elementor-section-stretched img-cover elementor-section-boxed elementor-section-height-default elementor-section-height-default\" data-id=\"78996f8\" data-element_type=\"section\" data-e-type=\"section\" data-settings=\"{&quot;stretch_section&quot;:&quot;section-stretched&quot;}\">\n\t\t\t\t\t\t<div class=\"elementor-container elementor-column-gap-default\">\n\t\t\t\t\t<div class=\"elementor-column elementor-col-100 elementor-top-column elementor-element elementor-element-33c13a7\" data-id=\"33c13a7\" data-element_type=\"column\" data-e-type=\"column\">\n\t\t\t<div class=\"elementor-widget-wrap elementor-element-populated\">\n\t\t\t\t\t\t<div class=\"elementor-element elementor-element-fbb0118 elementor-invisible elementor-widget elementor-widget-google_maps\" data-id=\"fbb0118\" data-element_type=\"widget\" data-e-type=\"widget\" data-settings=\"{&quot;_animation&quot;:&quot;fadeIn&quot;}\" data-widget_type=\"google_maps.default\">\n\t\t\t\t<div class=\"elementor-widget-container\">\n\t\t\t\t\t\t\t<div class=\"elementor-custom-embed\">\n\t\t\t<iframe loading=\"lazy\"\n\t\t\t\t\tsrc=\"https:\/\/maps.google.com\/maps?q=Agroturisme%20Can%20Mart%C3%AD&#038;t=m&#038;z=14&#038;output=embed&#038;iwloc=near\"\n\t\t\t\t\ttitle=\"Agroturisme Can Mart\u00ed\"\n\t\t\t\t\taria-label=\"Agroturisme Can Mart\u00ed\"\n\t\t\t><\/iframe>\n\t\t<\/div>\n\t\t\t\t\t\t<\/div>\n\t\t\t\t<\/div>\n\t\t\t\t\t<\/div>\n\t\t<\/div>\n\t\t\t\t\t<\/div>\n\t\t<\/section>\n\t\t\t\t<\/div>\n\t\t","protected":false},"excerpt":{"rendered":"<p>Laissez-vous s\u00e9duire par le tourisme rural, eco-responsable \u00e0 moins de 35 minutes de l\u2019a\u00e9roport d\u2019Ibiza ! C\u2019est avec un grand plaisir que nous vous accueillerons dans notre oasis paisible et naturel pour un tourisme vert et requinquant. ADRESSE Venda de Ca&rsquo;s Ripolls 29 07810 Sant Joan de Labritja Ibiza &#8211; Baleares Lien vers Google Maps [&hellip;]<\/p>\n","protected":false},"author":2,"featured_media":0,"parent":0,"menu_order":0,"comment_status":"closed","ping_status":"closed","template":"","meta":{"_acf_changed":false,"footnotes":""},"class_list":["post-5966","page","type-page","status-publish","hentry"],"acf":[],"_links":{"self":[{"href":"https:\/\/canmarti.com\/fr\/wp-json\/wp\/v2\/pages\/5966","targetHints":{"allow":["GET"]}}],"collection":[{"href":"https:\/\/canmarti.com\/fr\/wp-json\/wp\/v2\/pages"}],"about":[{"href":"https:\/\/canmarti.com\/fr\/wp-json\/wp\/v2\/types\/page"}],"author":[{"embeddable":true,"href":"https:\/\/canmarti.com\/fr\/wp-json\/wp\/v2\/users\/2"}],"replies":[{"embeddable":true,"href":"https:\/\/canmarti.com\/fr\/wp-json\/wp\/v2\/comments?post=5966"}],"version-history":[{"count":3,"href":"https:\/\/canmarti.com\/fr\/wp-json\/wp\/v2\/pages\/5966\/revisions"}],"predecessor-version":[{"id":8069,"href":"https:\/\/canmarti.com\/fr\/wp-json\/wp\/v2\/pages\/5966\/revisions\/8069"}],"wp:attachment":[{"href":"https:\/\/canmarti.com\/fr\/wp-json\/wp\/v2\/media?parent=5966"}],"curies":[{"name":"wp","href":"https:\/\/api.w.org\/{rel}","templated":true}]}}