{"id":5964,"date":"2024-03-22T13:35:08","date_gmt":"2024-03-22T13:35:08","guid":{"rendered":"https:\/\/canmarti.com\/politique-en-matiere-de-cookies\/"},"modified":"2024-03-22T13:35:09","modified_gmt":"2024-03-22T13:35:09","slug":"politique-en-matiere-de-cookies","status":"publish","type":"page","link":"https:\/\/canmarti.com\/fr\/politique-en-matiere-de-cookies\/","title":{"rendered":"Politique en mati\u00e8re de cookies"},"content":{"rendered":"\t\t<div data-elementor-type=\"wp-page\" data-elementor-id=\"5964\" class=\"elementor elementor-5964 elementor-266\" data-elementor-post-type=\"page\">\n\t\t\t\t\t\t<section class=\"elementor-section elementor-top-section elementor-element elementor-element-677c80fc elementor-section-boxed elementor-section-height-default elementor-section-height-default\" data-id=\"677c80fc\" data-element_type=\"section\" data-e-type=\"section\">\n\t\t\t\t\t\t<div class=\"elementor-container elementor-column-gap-default\">\n\t\t\t\t\t<div class=\"elementor-column elementor-col-100 elementor-top-column elementor-element elementor-element-7f6b7a3b\" data-id=\"7f6b7a3b\" data-element_type=\"column\" data-e-type=\"column\">\n\t\t\t<div class=\"elementor-widget-wrap elementor-element-populated\">\n\t\t\t\t\t\t<div class=\"elementor-element elementor-element-c2109ed sub-heading-legal elementor-widget elementor-widget-heading\" data-id=\"c2109ed\" data-element_type=\"widget\" data-e-type=\"widget\" data-widget_type=\"heading.default\">\n\t\t\t\t<div class=\"elementor-widget-container\">\n\t\t\t\t\t<h2 class=\"elementor-heading-title elementor-size-small\">POLITIQUE EN MATI\u00c8RE DE COOKIES<\/h2>\t\t\t\t<\/div>\n\t\t\t\t<\/div>\n\t\t\t\t<div class=\"elementor-element elementor-element-6a479963 legal-text elementor-widget elementor-widget-text-editor\" data-id=\"6a479963\" data-element_type=\"widget\" data-e-type=\"widget\" data-widget_type=\"text-editor.default\">\n\t\t\t\t<div class=\"elementor-widget-container\">\n\t\t\t\t\t\t\t\t\tConform\u00e9ment \u00e0 la loi 34\/2002 LSSICE relative aux services aux entreprises pour l&rsquo;information et le commerce \u00e9lectronique et conform\u00e9ment au d\u00e9cret-loi royal espagnol 13\/2012 du 30 mars (et \u00e0 la directive europ\u00e9enne 2009\/136\/CE), des modifications ont \u00e9t\u00e9 apport\u00e9es \u00e0 la loi espagnole concernant l&rsquo;utilisation de cookies et de messages commerciaux envoy\u00e9s par courrier \u00e9lectronique.\n<br><br>\nNous avons plac\u00e9 des cookies sur votre ordinateur pour nous aider \u00e0 am\u00e9liorer ce site web. Vous pouvez modifier vos param\u00e8tres en mati\u00e8re de cookies \u00e0 tout moment. Sinon, nous supposerons que vous \u00eates d&rsquo;accord pour continuer. Nous vous informons que des cookies seront plac\u00e9s dans votre ordinateur pour vous aider. Pour fonctionner correctement, notre plateforme utilise des cookies et des fichiers d&rsquo;activit\u00e9 qui permettent de conna\u00eetre l&rsquo;activit\u00e9 r\u00e9alis\u00e9e par les utilisateurs sur le site web, am\u00e9liorant ainsi la convivialit\u00e9 et la navigation, tels que les cookies d&rsquo;identification de session.\n<br><br>\nEn utilisant le service, vous acceptez l&rsquo;utilisation de cookies. Notre politique en mati\u00e8re de cookies explique ce que sont les cookies, comment nous les utilisons, comment des tiers avec lesquels nous pouvons \u00eatre partenaires peuvent utiliser des cookies sur le service, vos choix concernant les cookies et d&rsquo;autres informations sur les cookies.\t\t\t\t\t\t\t\t<\/div>\n\t\t\t\t<\/div>\n\t\t\t\t\t<\/div>\n\t\t<\/div>\n\t\t\t\t\t<\/div>\n\t\t<\/section>\n\t\t\t\t<section class=\"elementor-section elementor-top-section elementor-element elementor-element-38f84815 elementor-section-boxed elementor-section-height-default elementor-section-height-default\" data-id=\"38f84815\" data-element_type=\"section\" data-e-type=\"section\">\n\t\t\t\t\t\t<div class=\"elementor-container elementor-column-gap-default\">\n\t\t\t\t\t<div class=\"elementor-column elementor-col-100 elementor-top-column elementor-element elementor-element-2961d113\" data-id=\"2961d113\" data-element_type=\"column\" data-e-type=\"column\">\n\t\t\t<div class=\"elementor-widget-wrap elementor-element-populated\">\n\t\t\t\t\t\t<div class=\"elementor-element elementor-element-7596d6b4 sub-heading-legal elementor-widget elementor-widget-heading\" data-id=\"7596d6b4\" data-element_type=\"widget\" data-e-type=\"widget\" data-widget_type=\"heading.default\">\n\t\t\t\t<div class=\"elementor-widget-container\">\n\t\t\t\t\t<h2 class=\"elementor-heading-title elementor-size-small\">QU'EST-CE QU'UN BISCUIT ?<\/h2>\t\t\t\t<\/div>\n\t\t\t\t<\/div>\n\t\t\t\t<div class=\"elementor-element elementor-element-19fe7299 legal-text elementor-widget elementor-widget-text-editor\" data-id=\"19fe7299\" data-element_type=\"widget\" data-e-type=\"widget\" data-widget_type=\"text-editor.default\">\n\t\t\t\t<div class=\"elementor-widget-container\">\n\t\t\t\t\t\t\t\t\t<p>Les cookies sont de petits morceaux de texte envoy\u00e9s par votre navigateur web par un site web que vous visitez. Un fichier cookie est stock\u00e9 dans votre navigateur web et permet au Service ou \u00e0 un tiers de vous reconna\u00eetre et de rendre votre prochaine visite plus facile et le Service plus utile pour vous. Les cookies peuvent \u00eatre \u00ab\u00a0persistants\u00a0\u00bb ou \u00ab\u00a0de session\u00a0\u00bb.<\/p>\n\t\t\t\t\t\t\t\t<\/div>\n\t\t\t\t<\/div>\n\t\t\t\t\t<\/div>\n\t\t<\/div>\n\t\t\t\t\t<\/div>\n\t\t<\/section>\n\t\t\t\t<section class=\"elementor-section elementor-top-section elementor-element elementor-element-51da826f elementor-section-boxed elementor-section-height-default elementor-section-height-default\" data-id=\"51da826f\" data-element_type=\"section\" data-e-type=\"section\">\n\t\t\t\t\t\t<div class=\"elementor-container elementor-column-gap-default\">\n\t\t\t\t\t<div class=\"elementor-column elementor-col-100 elementor-top-column elementor-element elementor-element-65649090\" data-id=\"65649090\" data-element_type=\"column\" data-e-type=\"column\">\n\t\t\t<div class=\"elementor-widget-wrap elementor-element-populated\">\n\t\t\t\t\t\t<div class=\"elementor-element elementor-element-1a8cf3c1 sub-heading-legal elementor-widget elementor-widget-heading\" data-id=\"1a8cf3c1\" data-element_type=\"widget\" data-e-type=\"widget\" data-widget_type=\"heading.default\">\n\t\t\t\t<div class=\"elementor-widget-container\">\n\t\t\t\t\t<h2 class=\"elementor-heading-title elementor-size-small\">COMMENT CE SITE WEB UTILISE-T-IL LES COOKIES ?<\/h2>\t\t\t\t<\/div>\n\t\t\t\t<\/div>\n\t\t\t\t<div class=\"elementor-element elementor-element-35fd8f7b legal-text elementor-widget elementor-widget-text-editor\" data-id=\"35fd8f7b\" data-element_type=\"widget\" data-e-type=\"widget\" data-widget_type=\"text-editor.default\">\n\t\t\t\t<div class=\"elementor-widget-container\">\n\t\t\t\t\t\t\t\t\tLorsque vous utilisez et acc\u00e9dez au service, nous pouvons placer un certain nombre de fichiers de cookies dans votre navigateur web.\n\nNous utilisons des cookies aux fins suivantes : pour permettre certaines fonctions du service, pour fournir des analyses, pour stocker vos pr\u00e9f\u00e9rences, pour permettre la diffusion de publicit\u00e9s, y compris la publicit\u00e9 comportementale.\n\nNous utilisons \u00e0 la fois des cookies de session et des cookies persistants sur le service et nous utilisons diff\u00e9rents types de cookies pour faire fonctionner le service :\n\n\nCookies essentiels. Nous pouvons utiliser des cookies essentiels pour authentifier les utilisateurs et emp\u00eacher l&rsquo;utilisation frauduleuse des comptes d&rsquo;utilisateurs.\t\t\t\t\t\t\t\t<\/div>\n\t\t\t\t<\/div>\n\t\t\t\t\t<\/div>\n\t\t<\/div>\n\t\t\t\t\t<\/div>\n\t\t<\/section>\n\t\t\t\t<section class=\"elementor-section elementor-top-section elementor-element elementor-element-5fd47c30 elementor-section-boxed elementor-section-height-default elementor-section-height-default\" data-id=\"5fd47c30\" data-element_type=\"section\" data-e-type=\"section\">\n\t\t\t\t\t\t<div class=\"elementor-container elementor-column-gap-default\">\n\t\t\t\t\t<div class=\"elementor-column elementor-col-100 elementor-top-column elementor-element elementor-element-15b7c744\" data-id=\"15b7c744\" data-element_type=\"column\" data-e-type=\"column\">\n\t\t\t<div class=\"elementor-widget-wrap elementor-element-populated\">\n\t\t\t\t\t\t<div class=\"elementor-element elementor-element-43548490 sub-heading-legal elementor-widget elementor-widget-heading\" data-id=\"43548490\" data-element_type=\"widget\" data-e-type=\"widget\" data-widget_type=\"heading.default\">\n\t\t\t\t<div class=\"elementor-widget-container\">\n\t\t\t\t\t<h2 class=\"elementor-heading-title elementor-size-small\">COOKIES DE TIERS<\/h2>\t\t\t\t<\/div>\n\t\t\t\t<\/div>\n\t\t\t\t<div class=\"elementor-element elementor-element-7b060197 legal-text elementor-widget elementor-widget-text-editor\" data-id=\"7b060197\" data-element_type=\"widget\" data-e-type=\"widget\" data-widget_type=\"text-editor.default\">\n\t\t\t\t<div class=\"elementor-widget-container\">\n\t\t\t\t\t\t\t\t\t<p>Outre nos propres cookies, nous pouvons \u00e9galement utiliser des cookies de tiers pour \u00e9tablir des statistiques d&rsquo;utilisation du service, diffuser des publicit\u00e9s sur et par l&rsquo;interm\u00e9diaire du service, etc.<\/p>\n\t\t\t\t\t\t\t\t<\/div>\n\t\t\t\t<\/div>\n\t\t\t\t\t<\/div>\n\t\t<\/div>\n\t\t\t\t\t<\/div>\n\t\t<\/section>\n\t\t\t\t<section class=\"elementor-section elementor-top-section elementor-element elementor-element-b150287 elementor-section-boxed elementor-section-height-default elementor-section-height-default\" data-id=\"b150287\" data-element_type=\"section\" data-e-type=\"section\">\n\t\t\t\t\t\t<div class=\"elementor-container elementor-column-gap-default\">\n\t\t\t\t\t<div class=\"elementor-column elementor-col-100 elementor-top-column elementor-element elementor-element-14af4e21\" data-id=\"14af4e21\" data-element_type=\"column\" data-e-type=\"column\">\n\t\t\t<div class=\"elementor-widget-wrap elementor-element-populated\">\n\t\t\t\t\t\t<div class=\"elementor-element elementor-element-3ed06dde sub-heading-legal elementor-widget elementor-widget-heading\" data-id=\"3ed06dde\" data-element_type=\"widget\" data-e-type=\"widget\" data-widget_type=\"heading.default\">\n\t\t\t\t<div class=\"elementor-widget-container\">\n\t\t\t\t\t<h2 class=\"elementor-heading-title elementor-size-small\">QUELS SONT VOS CHOIX EN MATI\u00c8RE DE COOKIES ?<\/h2>\t\t\t\t<\/div>\n\t\t\t\t<\/div>\n\t\t\t\t<div class=\"elementor-element elementor-element-66be37b1 legal-text elementor-widget elementor-widget-text-editor\" data-id=\"66be37b1\" data-element_type=\"widget\" data-e-type=\"widget\" data-widget_type=\"text-editor.default\">\n\t\t\t\t<div class=\"elementor-widget-container\">\n\t\t\t\t\t\t\t\t\tSi vous souhaitez supprimer les cookies ou demander \u00e0 votre navigateur web de les supprimer ou de les refuser, veuillez consulter les pages d&rsquo;aide de votre navigateur web.\n\nNotez toutefois que si vous supprimez les cookies ou refusez de les accepter, il se peut que vous ne puissiez pas utiliser toutes les fonctionnalit\u00e9s que nous proposons, que vous ne puissiez pas enregistrer vos pr\u00e9f\u00e9rences et que certaines de nos pages ne s&rsquo;affichent pas correctement.\t\t\t\t\t\t\t\t<\/div>\n\t\t\t\t<\/div>\n\t\t\t\t\t<\/div>\n\t\t<\/div>\n\t\t\t\t\t<\/div>\n\t\t<\/section>\n\t\t\t\t<section class=\"elementor-section elementor-top-section elementor-element elementor-element-7b9261df elementor-section-boxed elementor-section-height-default elementor-section-height-default\" data-id=\"7b9261df\" data-element_type=\"section\" data-e-type=\"section\">\n\t\t\t\t\t\t<div class=\"elementor-container elementor-column-gap-default\">\n\t\t\t\t\t<div class=\"elementor-column elementor-col-100 elementor-top-column elementor-element elementor-element-1802c058\" data-id=\"1802c058\" data-element_type=\"column\" data-e-type=\"column\">\n\t\t\t<div class=\"elementor-widget-wrap elementor-element-populated\">\n\t\t\t\t\t\t<div class=\"elementor-element elementor-element-778d87d8 sub-heading-legal elementor-widget elementor-widget-heading\" data-id=\"778d87d8\" data-element_type=\"widget\" data-e-type=\"widget\" data-widget_type=\"heading.default\">\n\t\t\t\t<div class=\"elementor-widget-container\">\n\t\t\t\t\t<h2 class=\"elementor-heading-title elementor-size-small\">PLUS D'INFORMATIONS SUR LES COOKIES<\/h2>\t\t\t\t<\/div>\n\t\t\t\t<\/div>\n\t\t\t\t<div class=\"elementor-element elementor-element-7b1ec1a4 legal-text elementor-widget elementor-widget-text-editor\" data-id=\"7b1ec1a4\" data-element_type=\"widget\" data-e-type=\"widget\" data-widget_type=\"text-editor.default\">\n\t\t\t\t<div class=\"elementor-widget-container\">\n\t\t\t\t\t\t\t\t\tVous pouvez en savoir plus sur les cookies et les sites web de tiers suivants :<br>\n<span style=\"text-decoration: underline;\">Tout sur les cookies :<\/span> <a href=\"http:\/\/www.allaboutcookies.org\/\" target=\"_blank\" rel=\"noopener\">http:\/\/www.allaboutcookies.org\/<\/a><br>\n<span style=\"text-decoration: underline;\">Initiative pour la publicit\u00e9 en r\u00e9seau :<\/span> <a href=\"http:\/\/www.networkadvertising.org\/\" target=\"_blank\" rel=\"noopener\">http:\/\/www.networkadvertising.org\/<\/a>\t\t\t\t\t\t\t\t<\/div>\n\t\t\t\t<\/div>\n\t\t\t\t\t<\/div>\n\t\t<\/div>\n\t\t\t\t\t<\/div>\n\t\t<\/section>\n\t\t\t\t<\/div>\n\t\t","protected":false},"excerpt":{"rendered":"<p>POLITIQUE EN MATI\u00c8RE DE COOKIES Conform\u00e9ment \u00e0 la loi 34\/2002 LSSICE relative aux services aux entreprises pour l&rsquo;information et le commerce \u00e9lectronique et conform\u00e9ment au d\u00e9cret-loi royal espagnol 13\/2012 du 30 mars (et \u00e0 la directive europ\u00e9enne 2009\/136\/CE), des modifications ont \u00e9t\u00e9 apport\u00e9es \u00e0 la loi espagnole concernant l&rsquo;utilisation de cookies et de messages commerciaux [&hellip;]<\/p>\n","protected":false},"author":2,"featured_media":0,"parent":0,"menu_order":0,"comment_status":"closed","ping_status":"closed","template":"","meta":{"_acf_changed":false,"footnotes":""},"class_list":["post-5964","page","type-page","status-publish","hentry"],"acf":[],"_links":{"self":[{"href":"https:\/\/canmarti.com\/fr\/wp-json\/wp\/v2\/pages\/5964","targetHints":{"allow":["GET"]}}],"collection":[{"href":"https:\/\/canmarti.com\/fr\/wp-json\/wp\/v2\/pages"}],"about":[{"href":"https:\/\/canmarti.com\/fr\/wp-json\/wp\/v2\/types\/page"}],"author":[{"embeddable":true,"href":"https:\/\/canmarti.com\/fr\/wp-json\/wp\/v2\/users\/2"}],"replies":[{"embeddable":true,"href":"https:\/\/canmarti.com\/fr\/wp-json\/wp\/v2\/comments?post=5964"}],"version-history":[{"count":0,"href":"https:\/\/canmarti.com\/fr\/wp-json\/wp\/v2\/pages\/5964\/revisions"}],"wp:attachment":[{"href":"https:\/\/canmarti.com\/fr\/wp-json\/wp\/v2\/media?parent=5964"}],"curies":[{"name":"wp","href":"https:\/\/api.w.org\/{rel}","templated":true}]}}