{"id":3795,"date":"2020-11-22T11:54:41","date_gmt":"2020-11-22T11:54:41","guid":{"rendered":"https:\/\/canmarti.com\/legal-advice-2\/"},"modified":"2021-03-22T17:44:22","modified_gmt":"2021-03-22T17:44:22","slug":"aviso-legal","status":"publish","type":"page","link":"https:\/\/canmarti.com\/es\/aviso-legal\/","title":{"rendered":"Aviso Legal"},"content":{"rendered":"\t\t<div data-elementor-type=\"wp-page\" data-elementor-id=\"3795\" class=\"elementor elementor-3795 elementor-3786\" data-elementor-post-type=\"page\">\n\t\t\t\t\t\t<section class=\"elementor-section elementor-top-section elementor-element elementor-element-2141bbc3 elementor-section-boxed elementor-section-height-default elementor-section-height-default\" data-id=\"2141bbc3\" data-element_type=\"section\" data-e-type=\"section\">\n\t\t\t\t\t\t<div class=\"elementor-container elementor-column-gap-default\">\n\t\t\t\t\t<div class=\"elementor-column elementor-col-100 elementor-top-column elementor-element elementor-element-5b509cc\" data-id=\"5b509cc\" data-element_type=\"column\" data-e-type=\"column\">\n\t\t\t<div class=\"elementor-widget-wrap elementor-element-populated\">\n\t\t\t\t\t\t<div class=\"elementor-element elementor-element-438906d sub-heading-legal elementor-widget elementor-widget-heading\" data-id=\"438906d\" data-element_type=\"widget\" data-e-type=\"widget\" data-widget_type=\"heading.default\">\n\t\t\t\t<div class=\"elementor-widget-container\">\n\t\t\t\t\t<h2 class=\"elementor-heading-title elementor-size-small\">AVISO LEGAL Y POL\u00cdTICA DE PRIVACIDAD<\/h2>\t\t\t\t<\/div>\n\t\t\t\t<\/div>\n\t\t\t\t<div class=\"elementor-element elementor-element-51e7a49e legal-text elementor-widget elementor-widget-text-editor\" data-id=\"51e7a49e\" data-element_type=\"widget\" data-e-type=\"widget\" data-widget_type=\"text-editor.default\">\n\t\t\t\t<div class=\"elementor-widget-container\">\n\t\t\t\t\t\t\t\t\t<p>En cumplimiento de la Ley 34\/2002, de 11 de Julio, de Servicios de la Sociedad de la Informaci\u00f3n y de Comercio Electr\u00f3nico, le informamos de que Naturacampo Dsgn S.L. (Agroturismo Can Mart\u00ed) con domicilio en Venda de Ca\u2019s Ripolls 29 \u2013 07810 Sant Joan de Labritja y CIF B42891838 es titular de este sitio Web.<\/p>\t\t\t\t\t\t\t\t<\/div>\n\t\t\t\t<\/div>\n\t\t\t\t\t<\/div>\n\t\t<\/div>\n\t\t\t\t\t<\/div>\n\t\t<\/section>\n\t\t\t\t<section class=\"elementor-section elementor-top-section elementor-element elementor-element-171c0495 elementor-section-boxed elementor-section-height-default elementor-section-height-default\" data-id=\"171c0495\" data-element_type=\"section\" data-e-type=\"section\">\n\t\t\t\t\t\t<div class=\"elementor-container elementor-column-gap-default\">\n\t\t\t\t\t<div class=\"elementor-column elementor-col-100 elementor-top-column elementor-element elementor-element-10f693c0\" data-id=\"10f693c0\" data-element_type=\"column\" data-e-type=\"column\">\n\t\t\t<div class=\"elementor-widget-wrap elementor-element-populated\">\n\t\t\t\t\t\t<div class=\"elementor-element elementor-element-6b95ce48 sub-heading-legal elementor-widget elementor-widget-heading\" data-id=\"6b95ce48\" data-element_type=\"widget\" data-e-type=\"widget\" data-widget_type=\"heading.default\">\n\t\t\t\t<div class=\"elementor-widget-container\">\n\t\t\t\t\t<h2 class=\"elementor-heading-title elementor-size-small\">FINALIDAD DEL TRATAMIENTO DE LOS DATOS PERSONALES<\/h2>\t\t\t\t<\/div>\n\t\t\t\t<\/div>\n\t\t\t\t<div class=\"elementor-element elementor-element-1655b10d legal-text elementor-widget elementor-widget-text-editor\" data-id=\"1655b10d\" data-element_type=\"widget\" data-e-type=\"widget\" data-widget_type=\"text-editor.default\">\n\t\t\t\t<div class=\"elementor-widget-container\">\n\t\t\t\t\t\t\t\t\t<p>Nuestra empresa de conformidad con lo establecido en la Ley de Protecci\u00f3n de Datos de Car\u00e1cter Personal y Reglamento UE 2016\/679, en caso de que nos env\u00ede alg\u00fan correo electr\u00f3nico a la direcci\u00f3n indicada en la misma, o rellene alg\u00fan formulario de recogida de datos, le informamos de que los datos de car\u00e1cter personal que nos proporcione, ser\u00e1n incluidos en un registro de actividades de tratamiento cuyo responsable es Naturacampo Dsgn S.L. (Agroturismo Can Mart\u00ed), con la finalidad de gestionar su reserva, ofrecerle nuestros productos y servicios , mantener una relaci\u00f3n comercial, as\u00ed como para el env\u00edo por cualquier medio, incluso por correo electr\u00f3nico u otros medios de comunicaci\u00f3n electr\u00f3nica equivalentes, informaciones publicitarias o promocionales sobre los productos o servicios de la Empresa, habiendo solicitado previamente su consentimiento.<br \/><br \/>Naturacampo Dsgn S.L. (Agroturismo Can Mart\u00ed) declara haber adoptado todas las medidas de seguridad necesarias y adecuadas a lo establecido en el Reglamento UE 2016\/679 y el Real Decreto 1720\/2007, de 21 de diciembre, por el que se aprueba el Reglamento de desarrollo de la LOPD y ha establecido todos los medios t\u00e9cnicos a su alcance con la intenci\u00f3n de evitar la p\u00e9rdida, mal uso, alteraci\u00f3n, acceso no autorizado o robo de los datos que Vd. facilite.<\/p>\t\t\t\t\t\t\t\t<\/div>\n\t\t\t\t<\/div>\n\t\t\t\t\t<\/div>\n\t\t<\/div>\n\t\t\t\t\t<\/div>\n\t\t<\/section>\n\t\t\t\t<section class=\"elementor-section elementor-top-section elementor-element elementor-element-45fb26dc elementor-section-boxed elementor-section-height-default elementor-section-height-default\" data-id=\"45fb26dc\" data-element_type=\"section\" data-e-type=\"section\">\n\t\t\t\t\t\t<div class=\"elementor-container elementor-column-gap-default\">\n\t\t\t\t\t<div class=\"elementor-column elementor-col-100 elementor-top-column elementor-element elementor-element-47d43a6a\" data-id=\"47d43a6a\" data-element_type=\"column\" data-e-type=\"column\">\n\t\t\t<div class=\"elementor-widget-wrap elementor-element-populated\">\n\t\t\t\t\t\t<div class=\"elementor-element elementor-element-7ac83c21 sub-heading-legal elementor-widget elementor-widget-heading\" data-id=\"7ac83c21\" data-element_type=\"widget\" data-e-type=\"widget\" data-widget_type=\"heading.default\">\n\t\t\t\t<div class=\"elementor-widget-container\">\n\t\t\t\t\t<h2 class=\"elementor-heading-title elementor-size-small\">PLAZO DE CONSERVACI\u00d3N DE LOS DATOS PERSONALES<\/h2>\t\t\t\t<\/div>\n\t\t\t\t<\/div>\n\t\t\t\t<div class=\"elementor-element elementor-element-187def4 legal-text elementor-widget elementor-widget-text-editor\" data-id=\"187def4\" data-element_type=\"widget\" data-e-type=\"widget\" data-widget_type=\"text-editor.default\">\n\t\t\t\t<div class=\"elementor-widget-container\">\n\t\t\t\t\t\t\t\t\tLos datos se conservar\u00e1n por un per\u00edodo de tiempo que no exceder\u00e1 del plazo necesario para los fines para los que dichos datos fueron recogidos. Criterios de conservaci\u00f3n de los datos: se conservar\u00e1n durante el plazo que marque la Ley, mientras exista un inter\u00e9s mutuo para mantener el fin del tratamiento y cuando ya no sea necesario para tal fin, mientras que se mantenga la relaci\u00f3n contractual, mientras no se solicite su supresi\u00f3n por el interesado y no deban eliminarse por ser necesarios para el cumplimiento de una obligaci\u00f3n legal o para la formulaci\u00f3n, ejercicio y defensa de reclamaciones. Se suprimir\u00e1n con medidas de seguridad adecuadas para garantizar la seudonimizaci\u00f3n de los datos o la destrucci\u00f3n total de los mismos. Si el Usuario revoca su consentimiento o ejercita los derechos de cancelaci\u00f3n o supresi\u00f3n, sus datos personales se conservar\u00e1n bloqueados a disposici\u00f3n de la Administraci\u00f3n de Justicia durante los plazos establecidos legalmente para atender a las posibles responsabilidades nacidas del tratamiento de los mismos. Posteriormente se suprimir\u00e1n con medidas de seguridad adecuadas para garantizar la seudonimizaci\u00f3n de los datos o la destrucci\u00f3n total de los mismos.\t\t\t\t\t\t\t\t<\/div>\n\t\t\t\t<\/div>\n\t\t\t\t\t<\/div>\n\t\t<\/div>\n\t\t\t\t\t<\/div>\n\t\t<\/section>\n\t\t\t\t<section class=\"elementor-section elementor-top-section elementor-element elementor-element-6ce37639 elementor-section-boxed elementor-section-height-default elementor-section-height-default\" data-id=\"6ce37639\" data-element_type=\"section\" data-e-type=\"section\">\n\t\t\t\t\t\t<div class=\"elementor-container elementor-column-gap-default\">\n\t\t\t\t\t<div class=\"elementor-column elementor-col-100 elementor-top-column elementor-element elementor-element-6826fa6\" data-id=\"6826fa6\" data-element_type=\"column\" data-e-type=\"column\">\n\t\t\t<div class=\"elementor-widget-wrap elementor-element-populated\">\n\t\t\t\t\t\t<div class=\"elementor-element elementor-element-69d1e49c sub-heading-legal elementor-widget elementor-widget-heading\" data-id=\"69d1e49c\" data-element_type=\"widget\" data-e-type=\"widget\" data-widget_type=\"heading.default\">\n\t\t\t\t<div class=\"elementor-widget-container\">\n\t\t\t\t\t<h2 class=\"elementor-heading-title elementor-size-small\">LEGITIMACI\u00d3N PARA EL TRATAMIENTO DE LOS DATOS PERSONALES<\/h2>\t\t\t\t<\/div>\n\t\t\t\t<\/div>\n\t\t\t\t<div class=\"elementor-element elementor-element-76fd6304 legal-text elementor-widget elementor-widget-text-editor\" data-id=\"76fd6304\" data-element_type=\"widget\" data-e-type=\"widget\" data-widget_type=\"text-editor.default\">\n\t\t\t\t<div class=\"elementor-widget-container\">\n\t\t\t\t\t\t\t\t\t<p>Naturacampo Dsgn S.L. (Agroturismo Can Mart\u00ed) se encuentra legitimada para llevar a cabo el tratamiento de los datos personales en base a que:<br \/><br \/>\u2022 El Usuario o cliente ha prestado su consentimiento informado para el env\u00edo de comunicaciones comerciales, para la instalaci\u00f3n de sistemas de seguimiento que informan sobre h\u00e1bitos de navegaci\u00f3n seg\u00fan la Pol\u00edtica de Cookies, o para el env\u00edo de informaci\u00f3n requerida a trav\u00e9s de formularios de contacto.<br \/>\u2022 Existen obligaciones legales que requieren del tratamiento de los datos personales, de acuerdo con los servicios prestados.<\/p>\t\t\t\t\t\t\t\t<\/div>\n\t\t\t\t<\/div>\n\t\t\t\t\t<\/div>\n\t\t<\/div>\n\t\t\t\t\t<\/div>\n\t\t<\/section>\n\t\t\t\t<section class=\"elementor-section elementor-top-section elementor-element elementor-element-39df6815 elementor-section-boxed elementor-section-height-default elementor-section-height-default\" data-id=\"39df6815\" data-element_type=\"section\" data-e-type=\"section\">\n\t\t\t\t\t\t<div class=\"elementor-container elementor-column-gap-default\">\n\t\t\t\t\t<div class=\"elementor-column elementor-col-100 elementor-top-column elementor-element elementor-element-61bcda03\" data-id=\"61bcda03\" data-element_type=\"column\" data-e-type=\"column\">\n\t\t\t<div class=\"elementor-widget-wrap elementor-element-populated\">\n\t\t\t\t\t\t<div class=\"elementor-element elementor-element-752cae30 sub-heading-legal elementor-widget elementor-widget-heading\" data-id=\"752cae30\" data-element_type=\"widget\" data-e-type=\"widget\" data-widget_type=\"heading.default\">\n\t\t\t\t<div class=\"elementor-widget-container\">\n\t\t\t\t\t<h2 class=\"elementor-heading-title elementor-size-small\">CESIONES Y DESTINATARIOS DE LOS DATOS PERSONALES<\/h2>\t\t\t\t<\/div>\n\t\t\t\t<\/div>\n\t\t\t\t<div class=\"elementor-element elementor-element-631c66b3 legal-text elementor-widget elementor-widget-text-editor\" data-id=\"631c66b3\" data-element_type=\"widget\" data-e-type=\"widget\" data-widget_type=\"text-editor.default\">\n\t\t\t\t<div class=\"elementor-widget-container\">\n\t\t\t\t\t\t\t\t\tTodas las cesiones que a continuaci\u00f3n se indican resultan necesarias para el cumplimiento de las finalidades anteriormente se\u00f1aladas, o bien se llevan a cabo en cumplimiento de una obligaci\u00f3n legal. Los datos personales podr\u00e1n ser cedidos a:<br\/>\n\u2022 Las Administraciones P\u00fablicas y la Administraci\u00f3n de Justicia.<br\/>\n\u2022 Los proveedores de servicios inform\u00e1ticos, incluso servicios de \u201ccomputaci\u00f3n en la nube\u201d.\t\t\t\t\t\t\t\t<\/div>\n\t\t\t\t<\/div>\n\t\t\t\t\t<\/div>\n\t\t<\/div>\n\t\t\t\t\t<\/div>\n\t\t<\/section>\n\t\t\t\t<section class=\"elementor-section elementor-top-section elementor-element elementor-element-65e3e97d elementor-section-boxed elementor-section-height-default elementor-section-height-default\" data-id=\"65e3e97d\" data-element_type=\"section\" data-e-type=\"section\">\n\t\t\t\t\t\t<div class=\"elementor-container elementor-column-gap-default\">\n\t\t\t\t\t<div class=\"elementor-column elementor-col-100 elementor-top-column elementor-element elementor-element-3a975125\" data-id=\"3a975125\" data-element_type=\"column\" data-e-type=\"column\">\n\t\t\t<div class=\"elementor-widget-wrap elementor-element-populated\">\n\t\t\t\t\t\t<div class=\"elementor-element elementor-element-66904a65 sub-heading-legal elementor-widget elementor-widget-heading\" data-id=\"66904a65\" data-element_type=\"widget\" data-e-type=\"widget\" data-widget_type=\"heading.default\">\n\t\t\t\t<div class=\"elementor-widget-container\">\n\t\t\t\t\t<h2 class=\"elementor-heading-title elementor-size-small\">DERECHOS DE LOS INTERESADOS<\/h2>\t\t\t\t<\/div>\n\t\t\t\t<\/div>\n\t\t\t\t<div class=\"elementor-element elementor-element-78ff4e3c legal-text elementor-widget elementor-widget-text-editor\" data-id=\"78ff4e3c\" data-element_type=\"widget\" data-e-type=\"widget\" data-widget_type=\"text-editor.default\">\n\t\t\t\t<div class=\"elementor-widget-container\">\n\t\t\t\t\t\t\t\t\t<p>Los Usuarios \/ clientes pueden ejercitar ante Naturacampo Dsgn S.L. (Agroturismo Can Mart\u00ed) los derechos de acceso, rectificaci\u00f3n o supresi\u00f3n, limitaci\u00f3n de su tratamiento, oposici\u00f3n, portabilidad, y a oponerse a decisiones individuales automatizadas. Asimismo, podr\u00e1n revocar su consentimiento en caso de que lo hayan otorgado para alguna finalidad espec\u00edfica, pudiendo modificar sus preferencias en todo momento.<br \/><br \/>Podr\u00e1n ejercitarse a trav\u00e9s del correo electr\u00f3nico <a href=\"mailto:admin@canmarti.com\">admin@canmarti.com<\/a>, o a la siguiente direcci\u00f3n: Venda de Ca\u2019s Ripolls 29 \u2013 07810 Sant Joan de Labritja. Se informa al Usuario que puede dirigir cualquier tipo de reclamaci\u00f3n en materia de protecci\u00f3n de datos personales a la Agencia Espa\u00f1ola de Protecci\u00f3n de Datos www.agpd.es, Autoridad de Control del Estado espa\u00f1ol.<\/p>\t\t\t\t\t\t\t\t<\/div>\n\t\t\t\t<\/div>\n\t\t\t\t\t<\/div>\n\t\t<\/div>\n\t\t\t\t\t<\/div>\n\t\t<\/section>\n\t\t\t\t<section class=\"elementor-section elementor-top-section elementor-element elementor-element-2353762e elementor-section-boxed elementor-section-height-default elementor-section-height-default\" data-id=\"2353762e\" data-element_type=\"section\" data-e-type=\"section\">\n\t\t\t\t\t\t<div class=\"elementor-container elementor-column-gap-default\">\n\t\t\t\t\t<div class=\"elementor-column elementor-col-100 elementor-top-column elementor-element elementor-element-14793efe\" data-id=\"14793efe\" data-element_type=\"column\" data-e-type=\"column\">\n\t\t\t<div class=\"elementor-widget-wrap elementor-element-populated\">\n\t\t\t\t\t\t<div class=\"elementor-element elementor-element-10e33497 sub-heading-legal elementor-widget elementor-widget-heading\" data-id=\"10e33497\" data-element_type=\"widget\" data-e-type=\"widget\" data-widget_type=\"heading.default\">\n\t\t\t\t<div class=\"elementor-widget-container\">\n\t\t\t\t\t<h2 class=\"elementor-heading-title elementor-size-small\">DATOS DE MENORES<\/h2>\t\t\t\t<\/div>\n\t\t\t\t<\/div>\n\t\t\t\t<div class=\"elementor-element elementor-element-6980270f legal-text elementor-widget elementor-widget-text-editor\" data-id=\"6980270f\" data-element_type=\"widget\" data-e-type=\"widget\" data-widget_type=\"text-editor.default\">\n\t\t\t\t<div class=\"elementor-widget-container\">\n\t\t\t\t\t\t\t\t\tNuestra empresa no recabar\u00e1 ni tratar\u00e1 datos personales de menores de 16 a\u00f1os, sin dar pleno cumplimiento a los requisitos establecidos en la normativa aplicable de protecci\u00f3n de datos y el Reglamento UE 679\/2016.\nEl tratamiento de los datos personales de un ni\u00f1o se considerar\u00e1 l\u00edcito cuando tenga como m\u00ednimo 16 a\u00f1os. Si el ni\u00f1o es menor de 16 a\u00f1os, tal tratamiento \u00fanicamente se considerar\u00e1 l\u00edcito si el consentimiento lo dio o autoriz\u00f3 el titular de la patria potestad o tutela sobre el ni\u00f1o, y solo en la medida en que se dio o autoriz\u00f3.\t\t\t\t\t\t\t\t<\/div>\n\t\t\t\t<\/div>\n\t\t\t\t\t<\/div>\n\t\t<\/div>\n\t\t\t\t\t<\/div>\n\t\t<\/section>\n\t\t\t\t<section class=\"elementor-section elementor-top-section elementor-element elementor-element-267a7068 elementor-section-boxed elementor-section-height-default elementor-section-height-default\" data-id=\"267a7068\" data-element_type=\"section\" data-e-type=\"section\">\n\t\t\t\t\t\t<div class=\"elementor-container elementor-column-gap-default\">\n\t\t\t\t\t<div class=\"elementor-column elementor-col-100 elementor-top-column elementor-element elementor-element-723c1bea\" data-id=\"723c1bea\" data-element_type=\"column\" data-e-type=\"column\">\n\t\t\t<div class=\"elementor-widget-wrap elementor-element-populated\">\n\t\t\t\t\t\t<div class=\"elementor-element elementor-element-74e07282 sub-heading-legal elementor-widget elementor-widget-heading\" data-id=\"74e07282\" data-element_type=\"widget\" data-e-type=\"widget\" data-widget_type=\"heading.default\">\n\t\t\t\t<div class=\"elementor-widget-container\">\n\t\t\t\t\t<h2 class=\"elementor-heading-title elementor-size-small\">DATOS PERSONALES DE TERCEROS<\/h2>\t\t\t\t<\/div>\n\t\t\t\t<\/div>\n\t\t\t\t<div class=\"elementor-element elementor-element-6bf2aa9a legal-text elementor-widget elementor-widget-text-editor\" data-id=\"6bf2aa9a\" data-element_type=\"widget\" data-e-type=\"widget\" data-widget_type=\"text-editor.default\">\n\t\t\t\t<div class=\"elementor-widget-container\">\n\t\t\t\t\t\t\t\t\t<p>En el caso de que los datos personales aportados pertenecieran a un tercero, el Usuario garantiza que ha informado a dicho tercero de esta Pol\u00edtica de Privacidad y ha obtenido su autorizaci\u00f3n para facilitar sus datos a Naturacampo Dsgn S.L. (Agroturismo Can Mart\u00ed) con las finalidades se\u00f1aladas. Igualmente garantiza que los datos aportados son exactos y actualizados, siendo responsable de cualquier da\u00f1o o perjuicio, directo o indirecto, que pudiera ocasionarse como consecuencia del incumplimiento de tal obligaci\u00f3n.<\/p>\t\t\t\t\t\t\t\t<\/div>\n\t\t\t\t<\/div>\n\t\t\t\t\t<\/div>\n\t\t<\/div>\n\t\t\t\t\t<\/div>\n\t\t<\/section>\n\t\t\t\t<section class=\"elementor-section elementor-top-section elementor-element elementor-element-4c024bc3 elementor-section-boxed elementor-section-height-default elementor-section-height-default\" data-id=\"4c024bc3\" data-element_type=\"section\" data-e-type=\"section\">\n\t\t\t\t\t\t<div class=\"elementor-container elementor-column-gap-default\">\n\t\t\t\t\t<div class=\"elementor-column elementor-col-100 elementor-top-column elementor-element elementor-element-24b70063\" data-id=\"24b70063\" data-element_type=\"column\" data-e-type=\"column\">\n\t\t\t<div class=\"elementor-widget-wrap elementor-element-populated\">\n\t\t\t\t\t\t<div class=\"elementor-element elementor-element-58c44b76 sub-heading-legal elementor-widget elementor-widget-heading\" data-id=\"58c44b76\" data-element_type=\"widget\" data-e-type=\"widget\" data-widget_type=\"heading.default\">\n\t\t\t\t<div class=\"elementor-widget-container\">\n\t\t\t\t\t<h2 class=\"elementor-heading-title elementor-size-small\">TRATAMIENTO CURRICULUM VITAE<\/h2>\t\t\t\t<\/div>\n\t\t\t\t<\/div>\n\t\t\t\t<div class=\"elementor-element elementor-element-17d88345 legal-text elementor-widget elementor-widget-text-editor\" data-id=\"17d88345\" data-element_type=\"widget\" data-e-type=\"widget\" data-widget_type=\"text-editor.default\">\n\t\t\t\t<div class=\"elementor-widget-container\">\n\t\t\t\t\t\t\t\t\tTal y como indica el Reglamento UE 2016\/679 aquellos candidatos que nos faciliten sus datos solicitamos su consentimiento de forma clara en la recogida de sus datos personales y los usos que les vamos a dar. Por este motivo les facilitamos la informaci\u00f3n de forma clara y concisa, indicando adem\u00e1s al candidato que podr\u00e1 solicitar una copia de sus datos, los cuales se le ofrecer\u00e1n en un formato estructurado. Respecto a la conversaci\u00f3n de los datos solo guardaremos datos que est\u00e9n actualizados, por lo que en el caso de que existan CV que lleven m\u00e1s de 24 meses sin actualizar, se borrar\u00e1n o bloquearan para impedir su lectura. La finalidad del tratamiento de tus datos es dar curso a tu solicitud de empleo y gestionar el posible proceso de selecci\u00f3n lo que puede incluir la participaci\u00f3n en diversas pruebas de selecci\u00f3n. En caso de que sus datos hayan sufrido alguna modificaci\u00f3n, le rogamos que nos los comunique mediante un escrito. Si no manifiesta su oposici\u00f3n por escrito en el plazo de 30 d\u00edas, entendemos que otorga su consentimiento para los tratamientos se\u00f1alados anteriormente.\t\t\t\t\t\t\t\t<\/div>\n\t\t\t\t<\/div>\n\t\t\t\t\t<\/div>\n\t\t<\/div>\n\t\t\t\t\t<\/div>\n\t\t<\/section>\n\t\t\t\t<section class=\"elementor-section elementor-top-section elementor-element elementor-element-2962434b elementor-section-boxed elementor-section-height-default elementor-section-height-default\" data-id=\"2962434b\" data-element_type=\"section\" data-e-type=\"section\">\n\t\t\t\t\t\t<div class=\"elementor-container elementor-column-gap-default\">\n\t\t\t\t\t<div class=\"elementor-column elementor-col-100 elementor-top-column elementor-element elementor-element-48bb678b\" data-id=\"48bb678b\" data-element_type=\"column\" data-e-type=\"column\">\n\t\t\t<div class=\"elementor-widget-wrap elementor-element-populated\">\n\t\t\t\t\t\t<div class=\"elementor-element elementor-element-297b0e43 sub-heading-legal elementor-widget elementor-widget-heading\" data-id=\"297b0e43\" data-element_type=\"widget\" data-e-type=\"widget\" data-widget_type=\"heading.default\">\n\t\t\t\t<div class=\"elementor-widget-container\">\n\t\t\t\t\t<h2 class=\"elementor-heading-title elementor-size-small\">CONTENIDOS<\/h2>\t\t\t\t<\/div>\n\t\t\t\t<\/div>\n\t\t\t\t<div class=\"elementor-element elementor-element-f867d89 legal-text elementor-widget elementor-widget-text-editor\" data-id=\"f867d89\" data-element_type=\"widget\" data-e-type=\"widget\" data-widget_type=\"text-editor.default\">\n\t\t\t\t<div class=\"elementor-widget-container\">\n\t\t\t\t\t\t\t\t\t<p>Todos los contenidos incluidos en la P\u00e1gina Web y en particular las marcas, nombres comerciales, dise\u00f1os industriales, dise\u00f1os, textos, fotograf\u00edas, gr\u00e1ficos, logotipos, iconos, software o cualesquiera otros signos susceptibles de utilizaci\u00f3n industrial y comercial est\u00e1n protegidos por derechos de propiedad industrial e intelectual de Naturacampo Dsgn S.L. (Agroturismo Can Mart\u00ed). Queda por lo tanto prohibida cualquier utilizaci\u00f3n, y\/o reproducci\u00f3n de los mismos sin consentimiento expreso de la Empresa.<br \/><br \/>Naturacampo Dsgn S.L. (Agroturismo Can Mart\u00ed) no ser\u00e1 responsable de la infracci\u00f3n de los derechos de propiedad intelectual o industrial de terceros que pudieran derivarse de la inclusi\u00f3n en la P\u00e1gina Web de marcas, nombres comerciales, dise\u00f1os industriales, patentes, dise\u00f1os, textos, fotograf\u00edas, gr\u00e1ficos, logotipos, iconos o software pertenecientes a terceros que hayan declarado ser titulares de los mismos al incluirlos en la p\u00e1gina web.<br \/><br \/>El Usuario se obliga a usar los contenidos de la P\u00e1gina Web de forma diligente, correcta y l\u00edcita y se compromete a abstenerse de:<br \/><br \/>1. Utilizar los contenidos con fines o efectos contrarios a la ley, a la moral y a las buenascostumbres o al orden p\u00fablico.<br \/><br \/>2. Reproducir, copiar, distribuir, permitir el acceso del p\u00fablico a trav\u00e9s de cualquier modalidad de comunicaci\u00f3n p\u00fablica, transformar o modificar los contenidos, a menos que se cuente con la correspondiente autorizaci\u00f3n de su titular.<br \/><br \/>3. Utilizar los contenidos de la P\u00e1gina Web para remitir publicidad, comunicaciones con fines de venta directa o con cualquier otra clase de finalidad comercial, mensajes no solicitados dirigidos a una pluralidad de personas con independencia de su finalidad, as\u00ed como a abstenerse de comercializar o divulgar de cualquier modo dicha informaci\u00f3n.<br \/>En caso de conflicto de cualquier \u00edndole, ambas partes intentar\u00e1n llegar a un acuerdo pac\u00edfico. No siendo posible, los Tribunales de Ibiza tendr\u00e1n la competencia para conocer el caso, no siendo posible acudir a otro fuero para ejercitar la acci\u00f3n.<\/p>\t\t\t\t\t\t\t\t<\/div>\n\t\t\t\t<\/div>\n\t\t\t\t\t<\/div>\n\t\t<\/div>\n\t\t\t\t\t<\/div>\n\t\t<\/section>\n\t\t\t\t<section class=\"elementor-section elementor-top-section elementor-element elementor-element-60ad30f2 elementor-section-boxed elementor-section-height-default elementor-section-height-default\" data-id=\"60ad30f2\" data-element_type=\"section\" data-e-type=\"section\">\n\t\t\t\t\t\t<div class=\"elementor-container elementor-column-gap-default\">\n\t\t\t\t\t<div class=\"elementor-column elementor-col-100 elementor-top-column elementor-element elementor-element-11ec5382\" data-id=\"11ec5382\" data-element_type=\"column\" data-e-type=\"column\">\n\t\t\t<div class=\"elementor-widget-wrap elementor-element-populated\">\n\t\t\t\t\t\t<div class=\"elementor-element elementor-element-7986bb3 sub-heading-legal elementor-widget elementor-widget-heading\" data-id=\"7986bb3\" data-element_type=\"widget\" data-e-type=\"widget\" data-widget_type=\"heading.default\">\n\t\t\t\t<div class=\"elementor-widget-container\">\n\t\t\t\t\t<h2 class=\"elementor-heading-title elementor-size-small\">LOS USUARIOS QUE NO EST\u00c9N DE ACUERDO CON ESTA POL\u00cdTICA NO DEBEN INTRODUCIR NING\u00daN DATO A TRAV\u00c9S DE ESTE SITIO WEB, NI ACCEDER AL CONTENIDO DE ESTA WEB.<\/h2>\t\t\t\t<\/div>\n\t\t\t\t<\/div>\n\t\t\t\t\t<\/div>\n\t\t<\/div>\n\t\t\t\t\t<\/div>\n\t\t<\/section>\n\t\t\t\t<\/div>\n\t\t","protected":false},"excerpt":{"rendered":"<p>AVISO LEGAL Y POL\u00cdTICA DE PRIVACIDAD En cumplimiento de la Ley 34\/2002, de 11 de Julio, de Servicios de la Sociedad de la Informaci\u00f3n y de Comercio Electr\u00f3nico, le informamos de que Naturacampo Dsgn S.L. (Agroturismo Can Mart\u00ed) con domicilio en Venda de Ca\u2019s Ripolls 29 \u2013 07810 Sant Joan de Labritja y CIF B42891838 [&hellip;]<\/p>\n","protected":false},"author":2,"featured_media":0,"parent":0,"menu_order":0,"comment_status":"closed","ping_status":"closed","template":"","meta":{"_acf_changed":false,"footnotes":""},"class_list":["post-3795","page","type-page","status-publish","hentry"],"acf":[],"_links":{"self":[{"href":"https:\/\/canmarti.com\/es\/wp-json\/wp\/v2\/pages\/3795","targetHints":{"allow":["GET"]}}],"collection":[{"href":"https:\/\/canmarti.com\/es\/wp-json\/wp\/v2\/pages"}],"about":[{"href":"https:\/\/canmarti.com\/es\/wp-json\/wp\/v2\/types\/page"}],"author":[{"embeddable":true,"href":"https:\/\/canmarti.com\/es\/wp-json\/wp\/v2\/users\/2"}],"replies":[{"embeddable":true,"href":"https:\/\/canmarti.com\/es\/wp-json\/wp\/v2\/comments?post=3795"}],"version-history":[{"count":0,"href":"https:\/\/canmarti.com\/es\/wp-json\/wp\/v2\/pages\/3795\/revisions"}],"wp:attachment":[{"href":"https:\/\/canmarti.com\/es\/wp-json\/wp\/v2\/media?parent=3795"}],"curies":[{"name":"wp","href":"https:\/\/api.w.org\/{rel}","templated":true}]}}