{"id":3727,"date":"2020-03-14T08:22:31","date_gmt":"2020-03-14T08:22:31","guid":{"rendered":"https:\/\/canmarti.com\/cookies-policy\/"},"modified":"2020-11-29T20:53:37","modified_gmt":"2020-11-29T20:53:37","slug":"politica-cookies","status":"publish","type":"page","link":"https:\/\/canmarti.com\/es\/politica-cookies\/","title":{"rendered":"Pol\u00edtica de Cookies"},"content":{"rendered":"\t\t<div data-elementor-type=\"wp-page\" data-elementor-id=\"3727\" class=\"elementor elementor-3727 elementor-266\" data-elementor-post-type=\"page\">\n\t\t\t\t\t\t<section class=\"elementor-section elementor-top-section elementor-element elementor-element-677c80fc elementor-section-boxed elementor-section-height-default elementor-section-height-default\" data-id=\"677c80fc\" data-element_type=\"section\" data-e-type=\"section\">\n\t\t\t\t\t\t<div class=\"elementor-container elementor-column-gap-default\">\n\t\t\t\t\t<div class=\"elementor-column elementor-col-100 elementor-top-column elementor-element elementor-element-7f6b7a3b\" data-id=\"7f6b7a3b\" data-element_type=\"column\" data-e-type=\"column\">\n\t\t\t<div class=\"elementor-widget-wrap elementor-element-populated\">\n\t\t\t\t\t\t<div class=\"elementor-element elementor-element-c2109ed sub-heading-legal elementor-widget elementor-widget-heading\" data-id=\"c2109ed\" data-element_type=\"widget\" data-e-type=\"widget\" data-widget_type=\"heading.default\">\n\t\t\t\t<div class=\"elementor-widget-container\">\n\t\t\t\t\t<h2 class=\"elementor-heading-title elementor-size-small\">POL\u00cdTICA DE COOKIES<\/h2>\t\t\t\t<\/div>\n\t\t\t\t<\/div>\n\t\t\t\t<div class=\"elementor-element elementor-element-6a479963 legal-text elementor-widget elementor-widget-text-editor\" data-id=\"6a479963\" data-element_type=\"widget\" data-e-type=\"widget\" data-widget_type=\"text-editor.default\">\n\t\t\t\t<div class=\"elementor-widget-container\">\n\t\t\t\t\t\t\t\t\tEn cumplimiento de la Ley 34\/2002 de Servicios de la Sociedad de la Informaci\u00f3n y Comercio Electr\u00f3nico LSSICE y sus modificaciones del Real Decreto-ley 13\/2012, de 30 de marzo, que afectan al uso de cookies y a los env\u00edos comerciales por correo electr\u00f3nico, y en cumplimiento de la Directiva Europea 2009\/136\/CE, y con el objetivo de garantizar tu privacidad, te informamos de que en nuestra web utilizamos cookies y otros mecanismos similares que nos permiten facilitarte el uso y navegaci\u00f3n a trav\u00e9s de la p\u00e1gina web, garantizar el acceso a determinadas funcionalidades y adicionalmente, nos ayudan a mejorar la calidad de la p\u00e1gina de acuerdo a tus h\u00e1bitos y estilos de navegaci\u00f3n.<br\/><br\/>\n\nLas cookies no son virus inform\u00e1ticos, no da\u00f1an su ordenador ni ralentizan su funcionamiento y puede eliminarlas en cualquier momento, o rechazarlas configurando el programa de navegaci\u00f3n que utiliza.\n<br\/><br\/>\nEn general nuestra web s\u00f3lo utiliza cookies de car\u00e1cter t\u00e9cnico, destinadas \u00fanicamente a permitir al usuario navegar por la p\u00e1gina web, cookies estrictamente necesarias, para la prestaci\u00f3n de un servicio expresamente solicitado por el usuario y cookies sin capacidad de identificar al usuario.\n<br\/><br\/>Al utilizar el Servicio y nuestra web, usted acepta el uso de cookies. Nuestra Pol\u00edtica de cookies explica qu\u00e9 son las cookies, c\u00f3mo las usamos, c\u00f3mo las terceras partes con las que podemos asociarnos pueden usar cookies en el Servicio, sus opciones con respecto a las cookies y m\u00e1s informaci\u00f3n sobre las cookies.\t\t\t\t\t\t\t\t<\/div>\n\t\t\t\t<\/div>\n\t\t\t\t\t<\/div>\n\t\t<\/div>\n\t\t\t\t\t<\/div>\n\t\t<\/section>\n\t\t\t\t<section class=\"elementor-section elementor-top-section elementor-element elementor-element-38f84815 elementor-section-boxed elementor-section-height-default elementor-section-height-default\" data-id=\"38f84815\" data-element_type=\"section\" data-e-type=\"section\">\n\t\t\t\t\t\t<div class=\"elementor-container elementor-column-gap-default\">\n\t\t\t\t\t<div class=\"elementor-column elementor-col-100 elementor-top-column elementor-element elementor-element-2961d113\" data-id=\"2961d113\" data-element_type=\"column\" data-e-type=\"column\">\n\t\t\t<div class=\"elementor-widget-wrap elementor-element-populated\">\n\t\t\t\t\t\t<div class=\"elementor-element elementor-element-7596d6b4 sub-heading-legal elementor-widget elementor-widget-heading\" data-id=\"7596d6b4\" data-element_type=\"widget\" data-e-type=\"widget\" data-widget_type=\"heading.default\">\n\t\t\t\t<div class=\"elementor-widget-container\">\n\t\t\t\t\t<h2 class=\"elementor-heading-title elementor-size-small\">\u00bfQu\u00e9 son las Cookies?<\/h2>\t\t\t\t<\/div>\n\t\t\t\t<\/div>\n\t\t\t\t<div class=\"elementor-element elementor-element-19fe7299 legal-text elementor-widget elementor-widget-text-editor\" data-id=\"19fe7299\" data-element_type=\"widget\" data-e-type=\"widget\" data-widget_type=\"text-editor.default\">\n\t\t\t\t<div class=\"elementor-widget-container\">\n\t\t\t\t\t\t\t\t\tLas cookies son archivos que las p\u00e1ginas web almacenan en el navegador del usuario que las visita, necesarias para aportar a la navegaci\u00f3n web ventajas en la prestaci\u00f3n de servicios interactivos.\t\t\t\t\t\t\t\t<\/div>\n\t\t\t\t<\/div>\n\t\t\t\t\t<\/div>\n\t\t<\/div>\n\t\t\t\t\t<\/div>\n\t\t<\/section>\n\t\t\t\t<section class=\"elementor-section elementor-top-section elementor-element elementor-element-51da826f elementor-section-boxed elementor-section-height-default elementor-section-height-default\" data-id=\"51da826f\" data-element_type=\"section\" data-e-type=\"section\">\n\t\t\t\t\t\t<div class=\"elementor-container elementor-column-gap-default\">\n\t\t\t\t\t<div class=\"elementor-column elementor-col-100 elementor-top-column elementor-element elementor-element-65649090\" data-id=\"65649090\" data-element_type=\"column\" data-e-type=\"column\">\n\t\t\t<div class=\"elementor-widget-wrap elementor-element-populated\">\n\t\t\t\t\t\t<div class=\"elementor-element elementor-element-1a8cf3c1 sub-heading-legal elementor-widget elementor-widget-heading\" data-id=\"1a8cf3c1\" data-element_type=\"widget\" data-e-type=\"widget\" data-widget_type=\"heading.default\">\n\t\t\t\t<div class=\"elementor-widget-container\">\n\t\t\t\t\t<h2 class=\"elementor-heading-title elementor-size-small\">Aceptaci\u00f3n de la pol\u00edtica de Cookies<\/h2>\t\t\t\t<\/div>\n\t\t\t\t<\/div>\n\t\t\t\t<div class=\"elementor-element elementor-element-35fd8f7b legal-text elementor-widget elementor-widget-text-editor\" data-id=\"35fd8f7b\" data-element_type=\"widget\" data-e-type=\"widget\" data-widget_type=\"text-editor.default\">\n\t\t\t\t<div class=\"elementor-widget-container\">\n\t\t\t\t\t\t\t\t\tAl navegar y continuar en el sitio web estar\u00e1 consintiendo el uso de las cookies antes enunciadas y en las condiciones contenidas en la presente Pol\u00edtica de Cookies.\t\t\t\t\t\t\t\t<\/div>\n\t\t\t\t<\/div>\n\t\t\t\t\t<\/div>\n\t\t<\/div>\n\t\t\t\t\t<\/div>\n\t\t<\/section>\n\t\t\t\t<section class=\"elementor-section elementor-top-section elementor-element elementor-element-5fd47c30 elementor-section-boxed elementor-section-height-default elementor-section-height-default\" data-id=\"5fd47c30\" data-element_type=\"section\" data-e-type=\"section\">\n\t\t\t\t\t\t<div class=\"elementor-container elementor-column-gap-default\">\n\t\t\t\t\t<div class=\"elementor-column elementor-col-100 elementor-top-column elementor-element elementor-element-15b7c744\" data-id=\"15b7c744\" data-element_type=\"column\" data-e-type=\"column\">\n\t\t\t<div class=\"elementor-widget-wrap elementor-element-populated\">\n\t\t\t\t\t\t<div class=\"elementor-element elementor-element-43548490 sub-heading-legal elementor-widget elementor-widget-heading\" data-id=\"43548490\" data-element_type=\"widget\" data-e-type=\"widget\" data-widget_type=\"heading.default\">\n\t\t\t\t<div class=\"elementor-widget-container\">\n\t\t\t\t\t<h2 class=\"elementor-heading-title elementor-size-small\">C\u00f3mo modificar la configuraci\u00f3n de las Cookies<\/h2>\t\t\t\t<\/div>\n\t\t\t\t<\/div>\n\t\t\t\t<div class=\"elementor-element elementor-element-7b060197 legal-text elementor-widget elementor-widget-text-editor\" data-id=\"7b060197\" data-element_type=\"widget\" data-e-type=\"widget\" data-widget_type=\"text-editor.default\">\n\t\t\t\t<div class=\"elementor-widget-container\">\n\t\t\t\t\t\t\t\t\tPuede restringir, bloquear o borrar las cookies de esta p\u00e1gina web o cualquier otra p\u00e1gina web, utilizando el navegador. En cada navegador la operativa es diferente, la funci\u00f3n de \u00abAyuda\u00bb le mostrar\u00e1 c\u00f3mo hacerlo.\t\t\t\t\t\t\t\t<\/div>\n\t\t\t\t<\/div>\n\t\t\t\t\t<\/div>\n\t\t<\/div>\n\t\t\t\t\t<\/div>\n\t\t<\/section>\n\t\t\t\t<section class=\"elementor-section elementor-top-section elementor-element elementor-element-7b9261df elementor-section-boxed elementor-section-height-default elementor-section-height-default\" data-id=\"7b9261df\" data-element_type=\"section\" data-e-type=\"section\">\n\t\t\t\t\t\t<div class=\"elementor-container elementor-column-gap-default\">\n\t\t\t\t\t<div class=\"elementor-column elementor-col-100 elementor-top-column elementor-element elementor-element-1802c058\" data-id=\"1802c058\" data-element_type=\"column\" data-e-type=\"column\">\n\t\t\t<div class=\"elementor-widget-wrap elementor-element-populated\">\n\t\t\t\t\t\t<div class=\"elementor-element elementor-element-778d87d8 sub-heading-legal elementor-widget elementor-widget-heading\" data-id=\"778d87d8\" data-element_type=\"widget\" data-e-type=\"widget\" data-widget_type=\"heading.default\">\n\t\t\t\t<div class=\"elementor-widget-container\">\n\t\t\t\t\t<h2 class=\"elementor-heading-title elementor-size-small\">C\u00f3mo desinstalar Cookies<\/h2>\t\t\t\t<\/div>\n\t\t\t\t<\/div>\n\t\t\t\t<div class=\"elementor-element elementor-element-7b1ec1a4 legal-text elementor-widget elementor-widget-text-editor\" data-id=\"7b1ec1a4\" data-element_type=\"widget\" data-e-type=\"widget\" data-widget_type=\"text-editor.default\">\n\t\t\t\t<div class=\"elementor-widget-container\">\n\t\t\t\t\t\t\t\t\tSi quieres borrar de tu navegador las cookies registradas por www.studioverso.es, aqu\u00ed tienes enlaces a instrucciones para distintos navegadores:<br\/>\n<span style=\"text-decoration: underline;\">Internet Explorer:<\/span> <a href=\"https:\/\/windows.microsoft.com\/es-es\/internet-explorer\/delete-manage-cookies\" target=\"_blank\" rel=\"noopener\">https:\/\/windows.microsoft.com\/es-es\/internet-explorer\/delete-manage-cookies<\/a><br\/>\n<span style=\"text-decoration: underline;\">Google Chrome:<\/span> <a href=\"https:\/\/support.google.com\/chrome\/answer\/95647\" target=\"_blank\" rel=\"noopener\">https:\/\/support.google.com\/chrome\/answer\/95647<\/a>\n<br\/><span style=\"text-decoration: underline;\">Firefox:<\/span> <a href=\"https:\/\/support.mozilla.org\/kb\/delete-cookies-remove-info-websites-stored\" target=\"_blank\" rel=\"noopener\">https:\/\/support.mozilla.org\/kb\/delete-cookies-remove-info-websites-stored<\/a><br\/>\n<span style=\"text-decoration: underline;\">Safari:<\/span> <a href=\"https:\/\/support.apple.com\/es-es\/guide\/safari\/sfri11471\/mac\" target=\"_blank\" rel=\"noopener\">https:\/\/support.apple.com\/es-es\/guide\/safari\/sfri11471\/mac<\/a>\t\t\t\t\t\t\t\t<\/div>\n\t\t\t\t<\/div>\n\t\t\t\t\t<\/div>\n\t\t<\/div>\n\t\t\t\t\t<\/div>\n\t\t<\/section>\n\t\t\t\t<\/div>\n\t\t","protected":false},"excerpt":{"rendered":"<p>POL\u00cdTICA DE COOKIES En cumplimiento de la Ley 34\/2002 de Servicios de la Sociedad de la Informaci\u00f3n y Comercio Electr\u00f3nico LSSICE y sus modificaciones del Real Decreto-ley 13\/2012, de 30 de marzo, que afectan al uso de cookies y a los env\u00edos comerciales por correo electr\u00f3nico, y en cumplimiento de la Directiva Europea 2009\/136\/CE, y [&hellip;]<\/p>\n","protected":false},"author":2,"featured_media":0,"parent":0,"menu_order":0,"comment_status":"closed","ping_status":"closed","template":"","meta":{"_acf_changed":false,"footnotes":""},"class_list":["post-3727","page","type-page","status-publish","hentry"],"acf":[],"_links":{"self":[{"href":"https:\/\/canmarti.com\/es\/wp-json\/wp\/v2\/pages\/3727","targetHints":{"allow":["GET"]}}],"collection":[{"href":"https:\/\/canmarti.com\/es\/wp-json\/wp\/v2\/pages"}],"about":[{"href":"https:\/\/canmarti.com\/es\/wp-json\/wp\/v2\/types\/page"}],"author":[{"embeddable":true,"href":"https:\/\/canmarti.com\/es\/wp-json\/wp\/v2\/users\/2"}],"replies":[{"embeddable":true,"href":"https:\/\/canmarti.com\/es\/wp-json\/wp\/v2\/comments?post=3727"}],"version-history":[{"count":0,"href":"https:\/\/canmarti.com\/es\/wp-json\/wp\/v2\/pages\/3727\/revisions"}],"wp:attachment":[{"href":"https:\/\/canmarti.com\/es\/wp-json\/wp\/v2\/media?parent=3727"}],"curies":[{"name":"wp","href":"https:\/\/api.w.org\/{rel}","templated":true}]}}